{"id":2900,"date":"2017-01-31T15:39:58","date_gmt":"2017-01-31T13:39:58","guid":{"rendered":"http:\/\/www.buergerreuth.de\/?page_id=2900&#038;lang=en"},"modified":"2017-09-11T12:40:38","modified_gmt":"2017-09-11T10:40:38","slug":"business-lunch","status":"publish","type":"page","link":"https:\/\/www.buergerreuth.de\/en\/restaurant\/business-lunch\/","title":{"rendered":"Business-Lunch"},"content":{"rendered":"<div class=\"wpb-content-wrapper\"><p>[vc_row font_color=&#8221;#ffffff&#8221;][vc_column width=&#8221;1\/1&#8243;][vc_column_text]<\/p>\n<p>&nbsp;<\/p>\n<p><span style=\"color: #ff0000;\">\u00a0<\/span><\/p>\n<p>Bei Klick zur Link zu Men\u00fc Business Lounge in die neue \u00dcberschrift Men\u00fc und Speisekarten[\/vc_column_text][\/vc_column][\/vc_row]<\/p>\n<\/div>","protected":false},"excerpt":{"rendered":"<p>[vc_row font_color=&#8221;#ffffff&#8221;][vc_column width=&#8221;1\/1&#8243;][vc_column_text] &nbsp; \u00a0 Bei Klick zur Link zu Men\u00fc Business Lounge in die neue \u00dcberschrift Men\u00fc und Speisekarten[\/vc_column_text][\/vc_column][\/vc_row]<\/p>\n","protected":false},"author":5,"featured_media":0,"parent":2893,"menu_order":1,"comment_status":"open","ping_status":"open","template":"karte_business_en.php","meta":{"footnotes":"","_links_to":"","_links_to_target":""},"_links":{"self":[{"href":"https:\/\/www.buergerreuth.de\/en\/wp-json\/wp\/v2\/pages\/2900\/"}],"collection":[{"href":"https:\/\/www.buergerreuth.de\/en\/wp-json\/wp\/v2\/pages\/"}],"about":[{"href":"https:\/\/www.buergerreuth.de\/en\/wp-json\/wp\/v2\/types\/page\/"}],"author":[{"embeddable":true,"href":"https:\/\/www.buergerreuth.de\/en\/wp-json\/wp\/v2\/users\/5\/"}],"replies":[{"embeddable":true,"href":"https:\/\/www.buergerreuth.de\/en\/wp-json\/wp\/v2\/comments\/?post=2900"}],"version-history":[{"count":3,"href":"https:\/\/www.buergerreuth.de\/en\/wp-json\/wp\/v2\/pages\/2900\/revisions\/"}],"predecessor-version":[{"id":3167,"href":"https:\/\/www.buergerreuth.de\/en\/wp-json\/wp\/v2\/pages\/2900\/revisions\/3167\/"}],"up":[{"embeddable":true,"href":"https:\/\/www.buergerreuth.de\/en\/wp-json\/wp\/v2\/pages\/2893\/"}],"wp:attachment":[{"href":"https:\/\/www.buergerreuth.de\/en\/wp-json\/wp\/v2\/media\/?parent=2900"}],"curies":[{"name":"wp","href":"https:\/\/api.w.org\/{rel}","templated":true}]}}