{"id":2871,"date":"2017-01-31T11:24:27","date_gmt":"2017-01-31T09:24:27","guid":{"rendered":"http:\/\/www.buergerreuth.de\/?page_id=2871&#038;lang=en"},"modified":"2018-04-06T11:05:08","modified_gmt":"2018-04-06T09:05:08","slug":"table-reservation","status":"publish","type":"page","link":"https:\/\/www.buergerreuth.de\/en\/info-service\/table-reservation\/","title":{"rendered":"Table reservation"},"content":{"rendered":"<div class=\"wpb-content-wrapper\"><p>[vc_row][vc_column][vc_column_text]<\/p>\n<h1 style=\"text-align: center;\">Table reservation<\/h1>\n<p>[\/vc_column_text][vc_separator][\/vc_column][\/vc_row][vc_row][vc_column width=&#8221;1\/2&#8243;][vc_column_text]To book a table, please use our reservation form on the service page.<\/p>\n<p><strong>Further information:<\/strong><\/p>\n<p>You are not only booking a table in our restaurant, but an outstanding service combined with tasty food.[\/vc_column_text][vc_empty_space height=&#8221;30px&#8221;][vc_media_grid style=&#8221;pagination&#8221; items_per_page=&#8221;1&#8243; element_width=&#8221;12&#8243; gap=&#8221;0&#8243; arrows_design=&#8221;vc_arrow-icon-arrow_01_left&#8221; arrows_color=&#8221;white&#8221; paging_design=&#8221;point_dots&#8221; paging_color=&#8221;white&#8221; loop=&#8221;yes&#8221; autoplay=&#8221;5&#8243; grid_id=&#8221;vc_gid:1523005381754-067d00b4-044c-8&#8243; include=&#8221;665,666,667,668&#8243; paging_animation_in=&#8221;fadeIn&#8221;][\/vc_column][vc_column width=&#8221;1\/2&#8243;]<script type=\"text\/javascript\">var gform;gform||(document.addEventListener(\"gform_main_scripts_loaded\",function(){gform.scriptsLoaded=!0}),window.addEventListener(\"DOMContentLoaded\",function(){gform.domLoaded=!0}),gform={domLoaded:!1,scriptsLoaded:!1,initializeOnLoaded:function(o){gform.domLoaded&&gform.scriptsLoaded?o():!gform.domLoaded&&gform.scriptsLoaded?window.addEventListener(\"DOMContentLoaded\",o):document.addEventListener(\"gform_main_scripts_loaded\",o)},hooks:{action:{},filter:{}},addAction:function(o,n,r,t){gform.addHook(\"action\",o,n,r,t)},addFilter:function(o,n,r,t){gform.addHook(\"filter\",o,n,r,t)},doAction:function(o){gform.doHook(\"action\",o,arguments)},applyFilters:function(o){return gform.doHook(\"filter\",o,arguments)},removeAction:function(o,n){gform.removeHook(\"action\",o,n)},removeFilter:function(o,n,r){gform.removeHook(\"filter\",o,n,r)},addHook:function(o,n,r,t,i){null==gform.hooks[o][n]&&(gform.hooks[o][n]=[]);var e=gform.hooks[o][n];null==i&&(i=n+\"_\"+e.length),gform.hooks[o][n].push({tag:i,callable:r,priority:t=null==t?10:t})},doHook:function(n,o,r){var t;if(r=Array.prototype.slice.call(r,1),null!=gform.hooks[n][o]&&((o=gform.hooks[n][o]).sort(function(o,n){return o.priority-n.priority}),o.forEach(function(o){\"function\"!=typeof(t=o.callable)&&(t=window[t]),\"action\"==n?t.apply(null,r):r[0]=t.apply(null,r)})),\"filter\"==n)return r[0]},removeHook:function(o,n,t,i){var r;null!=gform.hooks[o][n]&&(r=(r=gform.hooks[o][n]).filter(function(o,n,r){return!!(null!=i&&i!=o.tag||null!=t&&t!=o.priority)}),gform.hooks[o][n]=r)}});<\/script>\n                <div class='gf_browser_gecko gform_wrapper gform_legacy_markup_wrapper gform-theme--no-framework formular_wrapper' data-form-theme='legacy' data-form-index='0' id='gform_wrapper_4' ><form method='post' enctype='multipart\/form-data'  id='gform_4' class='formular' action='\/en\/wp-json\/wp\/v2\/pages\/2871\/' data-formid='4' novalidate>\n                        <div class='gform-body gform_body'><ul id='gform_fields_4' class='gform_fields top_label form_sublabel_below description_below validation_below'><li id=\"field_4_8\" class=\"gfield gfield--type-name gfield--input-type-name field_sublabel_below gfield--no-description field_description_below field_validation_below gfield_visibility_visible\"  data-js-reload=\"field_4_8\" ><label class='gfield_label gform-field-label gfield_label_before_complex' >name<\/label><div class='ginput_complex ginput_container ginput_container--name no_prefix has_first_name no_middle_name has_last_name no_suffix gf_name_has_2 ginput_container_name gform-grid-row' id='input_4_8'>\n                            \n                            <span id='input_4_8_3_container' class='name_first gform-grid-col gform-grid-col--size-auto' >\n                                                    <input type='text' name='input_8.3' id='input_4_8_3' value=''   aria-required='false'     \/>\n                                                    <label for='input_4_8_3' class='gform-field-label gform-field-label--type-sub '>firstname<\/label>\n                                                <\/span>\n                            \n                            <span id='input_4_8_6_container' class='name_last gform-grid-col gform-grid-col--size-auto' >\n                                                    <input type='text' name='input_8.6' id='input_4_8_6' value=''   aria-required='false'     \/>\n                                                    <label for='input_4_8_6' class='gform-field-label gform-field-label--type-sub '>lastname<\/label>\n                                                <\/span>\n                            \n                        <\/div><\/li><li id=\"field_4_5\" class=\"gfield gfield--type-date gfield--input-type-date gfield--input-type-datepicker gfield--datepicker-no-icon gfield_contains_required field_sublabel_below gfield--no-description field_description_below field_validation_below gfield_visibility_visible\"  data-js-reload=\"field_4_5\" ><label class='gfield_label gform-field-label' for='input_4_5'>Date<span class=\"gfield_required\"><span class=\"gfield_required gfield_required_asterisk\">*<\/span><\/span><\/label><div class='ginput_container ginput_container_date'>\n                            <input name='input_5' id='input_4_5' type='text' value='' class='datepicker gform-datepicker dmy_dot datepicker_no_icon gdatepicker-no-icon'   placeholder='dd.mm.yyyy' aria-describedby=\"input_4_5_date_format\" aria-invalid=\"false\" aria-required=\"true\"\/>\n                            <span id='input_4_5_date_format' class='screen-reader-text'>DD dot MM dot YYYY<\/span>\n                        <\/div>\n                        <input type='hidden' id='gforms_calendar_icon_input_4_5' class='gform_hidden' value='https:\/\/www.buergerreuth.de\/wp-content\/plugins\/gravityforms\/images\/datepicker\/datepicker.svg'\/><\/li><li id=\"field_4_10\" class=\"gfield gfield--type-time gfield--input-type-time gfield_contains_required field_sublabel_below gfield--no-description field_description_below field_validation_below gfield_visibility_visible\"  data-js-reload=\"field_4_10\" ><label class='gfield_label gform-field-label gfield_label_before_complex' >Uhrzeit<span class=\"gfield_required\"><span class=\"gfield_required gfield_required_asterisk\">*<\/span><\/span><\/label><div class=\"ginput_container ginput_complex gform-grid-row\"><div class=\"clear-multi\">\n                        <div class='gfield_time_hour ginput_container ginput_container_time gform-grid-col' id='input_4_10'>\n                            <input type='number' maxlength='2' name='input_10[]' id='input_4_10_1' value=''  min='0' max='24' step='1'  placeholder='HH' aria-required='true'   \/> <i>:<\/i>\n                            <label class='gform-field-label gform-field-label--type-sub hour_label screen-reader-text' for='input_4_10_1'>Hours<\/label>\n                        <\/div>\n                        \n                        <div class='gfield_time_minute ginput_container ginput_container_time gform-grid-col'>\n                            <input type='number' maxlength='2' name='input_10[]' id='input_4_10_2' value=''  min='0' max='59' step='1'  placeholder='MM' aria-required='true'  \/>\n                            <label class='gform-field-label gform-field-label--type-sub minute_label screen-reader-text' for='input_4_10_2'>Minutes<\/label>\n                        <\/div>\n                        \n                    <\/div><\/div><\/li><li id=\"field_4_14\" class=\"gfield gfield--type-number gfield--input-type-number gfield_contains_required field_sublabel_below gfield--no-description field_description_below field_validation_below gfield_visibility_visible\"  data-js-reload=\"field_4_14\" ><label class='gfield_label gform-field-label' for='input_4_14'>Personenanzahl<span class=\"gfield_required\"><span class=\"gfield_required gfield_required_asterisk\">*<\/span><\/span><\/label><div class='ginput_container ginput_container_number'><input name='input_14' id='input_4_14' type='number' step='any' min='1'  value='' class='medium'     aria-required=\"true\" aria-invalid=\"false\" aria-describedby=\"gfield_instruction_4_14\" \/><div class='gfield_description instruction ' id='gfield_instruction_4_14'>Please enter a number greater than or equal to <strong>1<\/strong>.<\/div><\/div><\/li><li id=\"field_4_3\" class=\"gfield gfield--type-email gfield--input-type-email gfield_contains_required field_sublabel_below gfield--no-description field_description_below field_validation_below gfield_visibility_visible\"  data-js-reload=\"field_4_3\" ><label class='gfield_label gform-field-label' for='input_4_3'>e-mail<span class=\"gfield_required\"><span class=\"gfield_required gfield_required_asterisk\">*<\/span><\/span><\/label><div class='ginput_container ginput_container_email'>\n                            <input name='input_3' id='input_4_3' type='email' value='' class='medium'    aria-required=\"true\" aria-invalid=\"false\"  \/>\n                        <\/div><\/li><li id=\"field_4_12\" class=\"gfield gfield--type-text gfield--input-type-text gfield_contains_required field_sublabel_below gfield--no-description field_description_below field_validation_below gfield_visibility_visible\"  data-js-reload=\"field_4_12\" ><label class='gfield_label gform-field-label' for='input_4_12'>Telefon<span class=\"gfield_required\"><span class=\"gfield_required gfield_required_asterisk\">*<\/span><\/span><\/label><div class='ginput_container ginput_container_text'><input name='input_12' id='input_4_12' type='text' value='' class='medium'     aria-required=\"true\" aria-invalid=\"false\"   \/> <\/div><\/li><li id=\"field_4_4\" class=\"gfield gfield--type-textarea gfield--input-type-textarea field_sublabel_below gfield--no-description field_description_below field_validation_below gfield_visibility_visible\"  data-js-reload=\"field_4_4\" ><label class='gfield_label gform-field-label' for='input_4_4'>Your message (optional)<\/label><div class='ginput_container ginput_container_textarea'><textarea name='input_4' id='input_4_4' class='textarea medium'    placeholder='Ihre Nachricht an uns. Teilen Sie uns hier bitte mit, ob Sie z.B. aufgrund einer Bewegungseinschr\u00e4nkung spezielle W\u00fcnsche f\u00fcr Ihre Sitzpl\u00e4tze habt oder ob Sie z.B. einen Kinderhochstuhl ben\u00f6tigt.'  aria-invalid=\"false\"   rows='10' cols='50'><\/textarea><\/div><\/li><li id=\"field_4_15\" class=\"gfield gfield--type-checkbox gfield--type-choice gfield--input-type-checkbox gfield_contains_required field_sublabel_below gfield--no-description field_description_below field_validation_below gfield_visibility_visible\"  data-js-reload=\"field_4_15\" ><label class='gfield_label gform-field-label gfield_label_before_complex' >Bitte beachten Sie, dass eine Reservierung erst g\u00fcltig ist, wenn diese von uns best\u00e4tigt wurde.<span class=\"gfield_required\"><span class=\"gfield_required gfield_required_asterisk\">*<\/span><\/span><\/label><div class='ginput_container ginput_container_checkbox'><ul class='gfield_checkbox' id='input_4_15'><li class='gchoice gchoice_4_15_1'>\n\t\t\t\t\t\t\t\t<input class='gfield-choice-input' name='input_15.1' type='checkbox'  value='Das habe ich zur Kenntnis genommen.'  id='choice_4_15_1'   \/>\n\t\t\t\t\t\t\t\t<label for='choice_4_15_1' id='label_4_15_1' class='gform-field-label gform-field-label--type-inline'>Das habe ich zur Kenntnis genommen.<\/label>\n\t\t\t\t\t\t\t<\/li><\/ul><\/div><\/li><li id=\"field_4_16\" class=\"gfield gfield--type-consent gfield--type-choice gfield--input-type-consent gfield_contains_required field_sublabel_below gfield--no-description field_description_below field_validation_below gfield_visibility_visible\"  data-js-reload=\"field_4_16\" ><label class='gfield_label gform-field-label gfield_label_before_complex' >Datenschutzrechtlicher Hinweis<span class=\"gfield_required\"><span class=\"gfield_required gfield_required_asterisk\">*<\/span><\/span><\/label><div class='ginput_container ginput_container_consent'><input name='input_16.1' id='input_4_16_1' type='checkbox' value='1'   aria-required=\"true\" aria-invalid=\"false\"   \/> <label class=\"gform-field-label gform-field-label--type-inline gfield_consent_label\" for='input_4_16_1' >Mit Setzen des H\u00e4kchens im nebenstehenden Kontrollk\u00e4stchen erkl\u00e4ren Sie sich einverstanden, dass die von Ihnen angegebenen Daten elektronisch erhoben und gespeichert werden. Ihre Daten werden dabei nur streng zweckgebunden zur Bearbeitung und Beantwortung Ihrer Anfrage genutzt. Diese Einwilligung k\u00f6nnen Sie jederzeit durch Nachricht an uns widerrufen. Im Falle des Widerrufs werden Ihre Daten umgehend gel\u00f6scht. Weitere Informationen entnehmen Sie der <a href=\"\/datenschutz\/\" target=\"_blank\">Datenschutzerkl\u00e4rung dieser Webseite<\/a>.<\/label><input type='hidden' name='input_16.2' value='Mit Setzen des H\u00e4kchens im nebenstehenden Kontrollk\u00e4stchen erkl\u00e4ren Sie sich einverstanden, dass die von Ihnen angegebenen Daten elektronisch erhoben und gespeichert werden. Ihre Daten werden dabei nur streng zweckgebunden zur Bearbeitung und Beantwortung Ihrer Anfrage genutzt. Diese Einwilligung k\u00f6nnen Sie jederzeit durch Nachricht an uns widerrufen. Im Falle des Widerrufs werden Ihre Daten umgehend gel\u00f6scht. Weitere Informationen entnehmen Sie der &lt;a href=&quot;\/datenschutz\/&quot; target=&quot;_blank&quot;&gt;Datenschutzerkl\u00e4rung dieser Webseite&lt;\/a&gt;.' class='gform_hidden' \/><input type='hidden' name='input_16.3' value='1' class='gform_hidden' \/><\/div><\/li><\/ul><\/div>\n        <div class='gform_footer top_label'> <input type='submit' id='gform_submit_button_4' class='gform_button button' value='dispatch'  onclick='if(window[\"gf_submitting_4\"]){return false;}  if( !jQuery(\"#gform_4\")[0].checkValidity || jQuery(\"#gform_4\")[0].checkValidity()){window[\"gf_submitting_4\"]=true;}  ' onkeypress='if( event.keyCode == 13 ){ if(window[\"gf_submitting_4\"]){return false;} if( !jQuery(\"#gform_4\")[0].checkValidity || jQuery(\"#gform_4\")[0].checkValidity()){window[\"gf_submitting_4\"]=true;}  jQuery(\"#gform_4\").trigger(\"submit\",[true]); }' \/> \n            <input type='hidden' class='gform_hidden' name='is_submit_4' value='1' \/>\n            <input type='hidden' class='gform_hidden' name='gform_submit' value='4' \/>\n            \n            <input type='hidden' class='gform_hidden' name='gform_unique_id' value='' \/>\n            <input type='hidden' class='gform_hidden' name='state_4' value='WyJ7XCIxNS4xXCI6XCIyZTAyMGMxNDgxMzdlYTcyYjgxNDM2YTA5ZTY3YzBkY1wiLFwiMTYuMVwiOlwiNjg5OGY2MmQxODc4NzJjNDcyZGU1NDhiNWYwYzA2MGZcIixcIjE2LjJcIjpcIjVjZDc1MjhjYzdlM2E4ZWRkYTBjMWM1YjQ1YWQzNzQ5XCIsXCIxNi4zXCI6XCI2ODk4ZjYyZDE4Nzg3MmM0NzJkZTU0OGI1ZjBjMDYwZlwifSIsIjAwOTdkYjZkMzQ1OTQ1MzE1NzJjOGM2ZDgyZjgwMTQ3Il0=' \/>\n            <input type='hidden' class='gform_hidden' name='gform_target_page_number_4' id='gform_target_page_number_4' value='0' \/>\n            <input type='hidden' class='gform_hidden' name='gform_source_page_number_4' id='gform_source_page_number_4' value='1' \/>\n            <input type='hidden' name='gform_field_values' value='' \/>\n            \n        <\/div>\n                        <\/form>\n                        <\/div><script type=\"text\/javascript\">\n\/* <![CDATA[ *\/\n gform.initializeOnLoaded( function() {gformInitSpinner( 4, 'https:\/\/www.buergerreuth.de\/wp-content\/plugins\/gravityforms\/images\/spinner.svg', true );jQuery('#gform_ajax_frame_4').on('load',function(){var contents = jQuery(this).contents().find('*').html();var is_postback = contents.indexOf('GF_AJAX_POSTBACK') >= 0;if(!is_postback){return;}var form_content = jQuery(this).contents().find('#gform_wrapper_4');var is_confirmation = jQuery(this).contents().find('#gform_confirmation_wrapper_4').length > 0;var is_redirect = contents.indexOf('gformRedirect(){') >= 0;var is_form = form_content.length > 0 && ! is_redirect && ! is_confirmation;var mt = parseInt(jQuery('html').css('margin-top'), 10) + parseInt(jQuery('body').css('margin-top'), 10) + 100;if(is_form){jQuery('#gform_wrapper_4').html(form_content.html());if(form_content.hasClass('gform_validation_error')){jQuery('#gform_wrapper_4').addClass('gform_validation_error');} else {jQuery('#gform_wrapper_4').removeClass('gform_validation_error');}setTimeout( function() { \/* delay the scroll by 50 milliseconds to fix a bug in chrome *\/  }, 50 );if(window['gformInitDatepicker']) {gformInitDatepicker();}if(window['gformInitPriceFields']) {gformInitPriceFields();}var current_page = jQuery('#gform_source_page_number_4').val();gformInitSpinner( 4, 'https:\/\/www.buergerreuth.de\/wp-content\/plugins\/gravityforms\/images\/spinner.svg', true );jQuery(document).trigger('gform_page_loaded', [4, current_page]);window['gf_submitting_4'] = false;}else if(!is_redirect){var confirmation_content = jQuery(this).contents().find('.GF_AJAX_POSTBACK').html();if(!confirmation_content){confirmation_content = contents;}jQuery('#gform_wrapper_4').replaceWith(confirmation_content);jQuery(document).trigger('gform_confirmation_loaded', [4]);window['gf_submitting_4'] = false;wp.a11y.speak(jQuery('#gform_confirmation_message_4').text());}else{jQuery('#gform_4').append(contents);if(window['gformRedirect']) {gformRedirect();}}jQuery(document).trigger(\"gform_pre_post_render\", [{ formId: \"4\", currentPage: \"current_page\", abort: function() { this.preventDefault(); } }]);                if (event && event.defaultPrevented) {                return;         }        const gformWrapperDiv = document.getElementById( \"gform_wrapper_4\" );        if ( gformWrapperDiv ) {            const visibilitySpan = document.createElement( \"span\" );            visibilitySpan.id = \"gform_visibility_test_4\";            gformWrapperDiv.insertAdjacentElement( \"afterend\", visibilitySpan );        }        const visibilityTestDiv = document.getElementById( \"gform_visibility_test_4\" );        let postRenderFired = false;                function triggerPostRender() {            if ( postRenderFired ) {                return;            }            postRenderFired = true;            jQuery( document ).trigger( 'gform_post_render', [4, current_page] );            gform.utils.trigger( { event: 'gform\/postRender', native: false, data: { formId: 4, currentPage: current_page } } );            if ( visibilityTestDiv ) {                visibilityTestDiv.parentNode.removeChild( visibilityTestDiv );            }        }        function debounce( func, wait, immediate ) {            var timeout;            return function() {                var context = this, args = arguments;                var later = function() {                    timeout = null;                    if ( !immediate ) func.apply( context, args );                };                var callNow = immediate && !timeout;                clearTimeout( timeout );                timeout = setTimeout( later, wait );                if ( callNow ) func.apply( context, args );            };        }        const debouncedTriggerPostRender = debounce( function() {            triggerPostRender();        }, 200 );        if ( visibilityTestDiv && visibilityTestDiv.offsetParent === null ) {            const observer = new MutationObserver( ( mutations ) => {                mutations.forEach( ( mutation ) => {                    if ( mutation.type === 'attributes' && visibilityTestDiv.offsetParent !== null ) {                        debouncedTriggerPostRender();                        observer.disconnect();                    }                });            });            observer.observe( document.body, {                attributes: true,                childList: false,                subtree: true,                attributeFilter: [ 'style', 'class' ],            });        } else {            triggerPostRender();        }    } );} ); \n\/* ]]> *\/\n<\/script>\n[\/vc_column][\/vc_row][vc_row][vc_column][vc_separator][vc_column_text]<\/p>\n<h3>Table bookings are more binding than many people think. Neither for the host nor for the guests.<\/h3>\n<p>Legally speaking a reservation is the initiation of a catering contract.<\/p>\n<p>Who has reserved a table, and appears at the agreed time, but in foreseeable time, that is within the next 15 minutes, does not get a free table, has the right of compensation.<\/p>\n<p>As the host is not keeping the reservation, the guest can refer to the Civil Code (BGB), paragraph 611, and so refund the ride costs.<br \/>\nIf the guest decides to visit another restaurant, he can enforce additional costs if the food there is more expensive.<\/p>\n<p>Vice versa also the guest is making a commitment.<br \/>\nThis is getting important when somebody makes a reservation for a bigger festivity, for example a wedding or a communion. If the menu is ordered for 80 guests and there are only 75 people coming.the customer has to pay for the 80 ordered menus, unless he corrected the number of guests in time.<br \/>\nUsually in time means at least 48 hours before.<\/p>\n<h3>Also the host has a right<\/h3>\n<p>If you miss cancelling smaller bookings, like a dinner for two, the host also has the right to compensation.<br \/>\nIn practice, if the guest has ordered by telephone, the host probably will not ask for compensation. Is the guest personally known by the host it is different. The host xould definitely invoice the damage, says Mrs. Vedder from the customer protection.<\/p>\n<p>For example when the host had to reject other guests , or when he had to increase his staff for the festivity, or when prepared an agreed menu for the client. But the host has to prove that.<\/p>\n<p>If a guest booked a table and does not consume anything it is more difficult for the host. Because the guest is not forced to order something, if the offer on site does not suit him.<br \/>\nThe district court of Siegburg has judged, that a festivity, despite a reservation, left the restaurant without eating anything, does not have to pay.<br \/>\nThe host had offered for that day only a special Mother-Day-Menu, and the guests expected a bigger selection on the menu (AZ 6 C 464\/90).[\/vc_column_text][\/vc_column][\/vc_row]<\/p>\n<\/div>","protected":false},"excerpt":{"rendered":"<p>[vc_row][vc_column][vc_column_text] Table reservation [\/vc_column_text][vc_separator][\/vc_column][\/vc_row][vc_row][vc_column width=&#8221;1\/2&#8243;][vc_column_text]To book a table, please use our reservation form on the service page. Further information: You are not only booking a table in our restaurant, but an outstanding service combined with tasty food.[\/vc_column_text][vc_empty_space height=&#8221;30px&#8221;][vc_media_grid style=&#8221;pagination&#8221; items_per_page=&#8221;1&#8243; element_width=&#8221;12&#8243; gap=&#8221;0&#8243; arrows_design=&#8221;vc_arrow-icon-arrow_01_left&#8221; arrows_color=&#8221;white&#8221; paging_design=&#8221;point_dots&#8221; paging_color=&#8221;white&#8221; loop=&#8221;yes&#8221; autoplay=&#8221;5&#8243; grid_id=&#8221;vc_gid:1523005381754-067d00b4-044c-8&#8243; include=&#8221;665,666,667,668&#8243; paging_animation_in=&#8221;fadeIn&#8221;][\/vc_column][vc_column width=&#8221;1\/2&#8243;][\/vc_column][\/vc_row][vc_row][vc_column][vc_separator][vc_column_text] Table bookings are [&hellip;]<\/p>\n","protected":false},"author":5,"featured_media":0,"parent":2120,"menu_order":2,"comment_status":"open","ping_status":"closed","template":"","meta":{"footnotes":"","_links_to":"","_links_to_target":""},"_links":{"self":[{"href":"https:\/\/www.buergerreuth.de\/en\/wp-json\/wp\/v2\/pages\/2871\/"}],"collection":[{"href":"https:\/\/www.buergerreuth.de\/en\/wp-json\/wp\/v2\/pages\/"}],"about":[{"href":"https:\/\/www.buergerreuth.de\/en\/wp-json\/wp\/v2\/types\/page\/"}],"author":[{"embeddable":true,"href":"https:\/\/www.buergerreuth.de\/en\/wp-json\/wp\/v2\/users\/5\/"}],"replies":[{"embeddable":true,"href":"https:\/\/www.buergerreuth.de\/en\/wp-json\/wp\/v2\/comments\/?post=2871"}],"version-history":[{"count":5,"href":"https:\/\/www.buergerreuth.de\/en\/wp-json\/wp\/v2\/pages\/2871\/revisions\/"}],"predecessor-version":[{"id":3270,"href":"https:\/\/www.buergerreuth.de\/en\/wp-json\/wp\/v2\/pages\/2871\/revisions\/3270\/"}],"up":[{"embeddable":true,"href":"https:\/\/www.buergerreuth.de\/en\/wp-json\/wp\/v2\/pages\/2120\/"}],"wp:attachment":[{"href":"https:\/\/www.buergerreuth.de\/en\/wp-json\/wp\/v2\/media\/?parent=2871"}],"curies":[{"name":"wp","href":"https:\/\/api.w.org\/{rel}","templated":true}]}}